{"id":2563,"date":"2024-09-29T19:11:15","date_gmt":"2024-09-29T19:11:15","guid":{"rendered":"https:\/\/acopejovicdoceknovegodine.rs\/?page_id=2563"},"modified":"2024-11-19T00:27:24","modified_gmt":"2024-11-19T00:27:24","slug":"elementor-2563","status":"publish","type":"page","link":"https:\/\/kristijantuba.rs\/","title":{"rendered":"Po\u010detna"},"content":{"rendered":"\t\t<div data-elementor-type=\"wp-page\" data-elementor-id=\"2563\" class=\"elementor elementor-2563\" data-elementor-post-type=\"page\">\n\t\t\t\t<div class=\"elementor-element elementor-element-3312b913 e-con-full e-flex e-con e-parent\" data-id=\"3312b913\" data-element_type=\"container\">\n\t\t\t\t<div class=\"elementor-element elementor-element-4c75ae1a elementor-widget__width-inherit elementor-widget elementor-widget-image\" data-id=\"4c75ae1a\" data-element_type=\"widget\" data-widget_type=\"image.default\">\n\t\t\t\t<div class=\"elementor-widget-container\">\n\t\t\t\t\t\t\t\t\t\t\t\t\t<img fetchpriority=\"high\" decoding=\"async\" width=\"1000\" height=\"667\" src=\"https:\/\/kristijantuba.rs\/wp-content\/uploads\/2024\/11\/1709430772-kristijan-tuba.jpg\" class=\"attachment-full size-full wp-image-2744\" alt=\"\" srcset=\"https:\/\/kristijantuba.rs\/wp-content\/uploads\/2024\/11\/1709430772-kristijan-tuba.jpg 1000w, https:\/\/kristijantuba.rs\/wp-content\/uploads\/2024\/11\/1709430772-kristijan-tuba-500x334.jpg 500w, https:\/\/kristijantuba.rs\/wp-content\/uploads\/2024\/11\/1709430772-kristijan-tuba-300x200.jpg 300w, https:\/\/kristijantuba.rs\/wp-content\/uploads\/2024\/11\/1709430772-kristijan-tuba-768x512.jpg 768w\" sizes=\"(max-width: 1000px) 100vw, 1000px\" \/>\t\t\t\t\t\t\t\t\t\t\t\t\t<\/div>\n\t\t\t\t<\/div>\n\t\t\t\t<\/div>\n\t\t<div class=\"elementor-element elementor-element-21e633e2 e-con-full e-flex e-con e-parent\" data-id=\"21e633e2\" data-element_type=\"container\" id=\"pocetna\" data-settings=\"{&quot;background_background&quot;:&quot;classic&quot;}\">\n\t\t\t\t<div class=\"elementor-element elementor-element-a454312 elementor-widget elementor-widget-heading\" data-id=\"a454312\" data-element_type=\"widget\" data-widget_type=\"heading.default\">\n\t\t\t\t<div class=\"elementor-widget-container\">\n\t\t\t<h2 class=\"elementor-heading-title elementor-size-default\">Kristijan Tuba - Do\u010dek Nove Godine 2025\u200b - Restoran Princ<\/h2>\t\t<\/div>\n\t\t\t\t<\/div>\n\t\t\t\t<div class=\"elementor-element elementor-element-1d16c28 elementor-widget elementor-widget-text-editor\" data-id=\"1d16c28\" data-element_type=\"widget\" data-widget_type=\"text-editor.default\">\n\t\t\t\t<div class=\"elementor-widget-container\">\n\t\t\t\t\t\t\t<div class=\"docek-prev-opis\">\n\n                                                                                                                                        <p>\n                                                    <span class=\"docek-prev-program-naziv\">Muzika:<\/span>\n                                                    <span class=\"docek-prev-program-opis\">Kristijan Tuba i Ivana Stojanovi\u0107<\/span>\n                                                <\/p>\n                                            \n                                                                                            <p>\n                                                    <span class=\"docek-prev-program-naziv\">Pi\u0107e:<\/span>\n                                                    <span class=\"docek-prev-program-opis\"> All inclusive<\/span>\n                                                <\/p>\n                                            \n                                                                                            <p>\n\n                                                    <span class=\"docek-prev-program-naziv\">Hrana:<\/span>\n                                                    <span class=\"docek-prev-program-opis\"> Sve\u010dana ve\u010dera<\/span>\n                                                <\/p>\n                                            \n                                                                                            <p>\n                                                    <span class=\"docek-prev-program-naziv\">Cena:<\/span>\n                                                    <span class=\"docek-prev-program-opis\"> od 55\u20ac<\/span>\n                                                <\/p>\n                                            \n                                                                                            <p>\n                                                    <span class=\"docek-prev-program-naziv\">Kontakt:<\/span>\n                                                    <span class=\"docek-prev-program-opis\">\n                                            <a href=\"tel:062\/111-22-33\">062\/111-22-33<\/a>\n\n                                                            <\/span>\n                                                <\/p>\n                                            \n                                        <\/div>\t\t\t\t\t\t<\/div>\n\t\t\t\t<\/div>\n\t\t\t\t<div class=\"elementor-element elementor-element-acf3d1d elementor-widget elementor-widget-image\" data-id=\"acf3d1d\" data-element_type=\"widget\" data-widget_type=\"image.default\">\n\t\t\t\t<div class=\"elementor-widget-container\">\n\t\t\t\t\t\t\t\t\t\t\t\t\t\t<a href=\"https:\/\/novagod.com\/\" target=\"_blank\">\n\t\t\t\t\t\t\t<img decoding=\"async\" width=\"192\" height=\"86\" src=\"https:\/\/kristijantuba.rs\/wp-content\/uploads\/2024\/09\/docek-nove-godine-logo.png\" class=\"attachment-large size-large wp-image-2381\" alt=\"\" srcset=\"https:\/\/kristijantuba.rs\/wp-content\/uploads\/2024\/09\/docek-nove-godine-logo.png 192w, https:\/\/kristijantuba.rs\/wp-content\/uploads\/2024\/09\/docek-nove-godine-logo-177x79.png 177w\" sizes=\"(max-width: 192px) 100vw, 192px\" \/>\t\t\t\t\t\t\t\t<\/a>\n\t\t\t\t\t\t\t\t\t\t\t\t\t<\/div>\n\t\t\t\t<\/div>\n\t\t\t\t<div class=\"elementor-element elementor-element-131ed11 elementor-widget elementor-widget-image\" data-id=\"131ed11\" data-element_type=\"widget\" data-widget_type=\"image.default\">\n\t\t\t\t<div class=\"elementor-widget-container\">\n\t\t\t\t\t\t\t\t\t\t\t\t\t<img decoding=\"async\" width=\"768\" height=\"768\" src=\"https:\/\/kristijantuba.rs\/wp-content\/uploads\/2024\/11\/PRINC_NY25-FEED-768x768.jpg\" class=\"attachment-medium_large size-medium_large wp-image-2737\" alt=\"\" srcset=\"https:\/\/kristijantuba.rs\/wp-content\/uploads\/2024\/11\/PRINC_NY25-FEED-768x768.jpg 768w, https:\/\/kristijantuba.rs\/wp-content\/uploads\/2024\/11\/PRINC_NY25-FEED-500x500.jpg 500w, https:\/\/kristijantuba.rs\/wp-content\/uploads\/2024\/11\/PRINC_NY25-FEED-300x300.jpg 300w, https:\/\/kristijantuba.rs\/wp-content\/uploads\/2024\/11\/PRINC_NY25-FEED.jpg 1000w\" sizes=\"(max-width: 768px) 100vw, 768px\" \/>\t\t\t\t\t\t\t\t\t\t\t\t\t<\/div>\n\t\t\t\t<\/div>\n\t\t\t\t<div class=\"elementor-element elementor-element-f4b5d0f elementor-widget__width-initial elementor-widget elementor-widget-text-editor\" data-id=\"f4b5d0f\" data-element_type=\"widget\" data-widget_type=\"text-editor.default\">\n\t\t\t\t<div class=\"elementor-widget-container\">\n\t\t\t\t\t\t\t<div class=\"ponuda-singl-sub-sec\"><h3 class=\"ponuda-singl-subtitle ponuda-singl-subtitle-no-icon\">Cena<\/h3><div class=\"ponuda-singl-sub-text psv1__wysiwyg\"><p><em><strong>Cena po osobi<\/strong><\/em> se kre\u0107e <strong>od 55\u20ac do 85\u20ac<\/strong> u zavisnosti od pozicije stola u samoj sali i uklju\u010duje sve\u010dano banket sedenje, neograni\u010denu konzumaciju alkoholnih i bezalkoholnih pi\u0107a predvi\u0111enih ponudom i kompletnu sve\u010danu ve\u010deru! (<strong>vidi na map<\/strong>i). <strong>U ponudi nemamo barske stolove!\u00a0<\/strong><\/p><div><strong>Plava zona &#8211; 55\u20ac<\/strong><\/div><div><strong>Crvena zona &#8211; 60\u20ac<\/strong><\/div><div><strong>Srebrna zona &#8211; 70\u20ac<\/strong><\/div><div><strong>Zlatna zona &#8211; 80\u20ac<\/strong><\/div><div><strong>Zelena zona &#8211; 85\u20ac<\/strong><\/div><div>\u00a0<\/div><h3><strong>MAPA PROSTORA<\/strong><\/h3><p>\u00a0<img loading=\"lazy\" decoding=\"async\" src=\"https:\/\/www.kudaveceras.rs\/images\/kcfinder\/image\/NOVA%20GOD%202025\/MAPA_PRINC_NY25-mapa.jpg\" alt=\"\" width=\"1200\" height=\"986\" \/><\/p><p><em><strong>*Napomena: Orijentaciona mapa prostora. U skladu sa novogodi\u0161njom postavkom sale, mogu\u0107a su manja odstupanja u rasporedu stolova.<\/strong><\/em><\/p><\/div><\/div><div class=\"ponuda-singl-sub-sec\"><h3 class=\"ponuda-singl-subtitle ponuda-singl-subtitle-no-icon\">Pi\u0107e<\/h3><div class=\"ponuda-singl-sub-text psv1__wysiwyg\"><p><strong>Rakije:<\/strong><\/p><ul><li>\u0161ljivovica<\/li><li>viljamovka<\/li><li>dunja<\/li><li>loza<\/li><li>jabuka<\/li><\/ul><p><strong>\u017destina:<\/strong><\/p><ul><li>vodka<\/li><li>vinjak<\/li><li>Gorki list<\/li><li>vermut<\/li><\/ul><p><strong>Piva:<\/strong><\/p><ul><li>Tuborg<\/li><li>Lav<\/li><\/ul><p><strong>Vina:<\/strong><\/p><ul><li>Tikve\u0161ka smederevka<\/li><li>Vranac Planta\u017ee<\/li><li>Rubin rose<\/li><\/ul><p><strong>Negazirani sokovi:<\/strong><\/p><ul><li>jabuka<\/li><li>\u0111us<\/li><li>breskva<\/li><\/ul><p><strong>Gazirani sokovi:<\/strong><\/p><ul><li>Coca Cola<\/li><li>Fanta<\/li><li>Schweppes Biter Lemon<\/li><li>Schweppes tonic water<\/li><\/ul><p><strong>Vode:<\/strong><\/p><ul><li>mineralna voda Knjaz Milo\u0161<\/li><li>Aqua Viva<\/li><\/ul><p><strong>Kafe:<\/strong><\/p><ul><li>doma\u0107a kafa<\/li><li>espreso<\/li><\/ul><p><strong><em>* ekskluzivna premijum pi\u0107a po promo cenama<\/em><\/strong><\/p><\/div><\/div><div class=\"ponuda-singl-sub-sec\"><h3 class=\"ponuda-singl-subtitle ponuda-singl-subtitle-no-icon\">Hrana<\/h3><div class=\"ponuda-singl-sub-text psv1__wysiwyg\"><p><strong>Hladno predjelo:<\/strong><\/p><ul><li>njegu\u0161ka pr\u0161uta<\/li><li>ramstek<\/li><li>vrat<\/li><li>pe\u010denica<\/li><li>kulen<\/li><li>budimska<\/li><li>pita sir<\/li><li>pita meso<\/li><li>pica pita<\/li><li>tri vrste slanih torti<\/li><li>tri vrste slanih rolata<\/li><li>beli sir<\/li><li>ka\u010dkavalj<\/li><li>ruska salata<\/li><li>urnebes salata<\/li><li>sir susam<\/li><li>paprika u pavlaci<\/li><\/ul><p><strong>Toplo predjelo:<\/strong><\/p><ul><li>pohovani ka\u010dkavalj<\/li><li>Cordon bleu &#8211; pohovana \u0107uretina<\/li><li>kroketi<\/li><li>pohovane lignje<\/li><li>pohovana piletina sa susamom<\/li><\/ul><p><strong>Glavno jelo:<\/strong><\/p><ul><li>ro\u0161tilj: sarajevski \u0107evap, pazarski \u0107evap, doma\u0107a ro\u0161tilj kobasica, pile\u0107e belo, pile\u0107i batak, svinjski vrat, rolovana piletina sa slaninom<\/li><li>prilog &#8211; krompir ispod sa\u010da<\/li><li>sezonska salata<\/li><\/ul><p><strong>Hleb i peciva<\/strong><\/p><p><strong>Dezert<\/strong><\/p><p><strong><em>*postoji mogu\u0107nost posnog menija uz prethodnu najavu<\/em><\/strong><\/p><\/div><\/div>\t\t\t\t\t\t<\/div>\n\t\t\t\t<\/div>\n\t\t\t\t<\/div>\n\t\t<div class=\"elementor-element elementor-element-2a715f6b e-flex e-con-boxed e-con e-parent\" data-id=\"2a715f6b\" data-element_type=\"container\" id=\"biografija\" data-settings=\"{&quot;background_background&quot;:&quot;gradient&quot;}\">\n\t\t\t\t\t<div class=\"e-con-inner\">\n\t\t\t\t<div class=\"elementor-element elementor-element-6d6b2315 elementor-widget elementor-widget-heading\" data-id=\"6d6b2315\" data-element_type=\"widget\" data-widget_type=\"heading.default\">\n\t\t\t\t<div class=\"elementor-widget-container\">\n\t\t\t<h1 class=\"elementor-heading-title elementor-size-default\">Kristijan Tuba<\/h1>\t\t<\/div>\n\t\t\t\t<\/div>\n\t\t\t\t<div class=\"elementor-element elementor-element-5e8fbb42 elementor-widget elementor-widget-text-editor\" data-id=\"5e8fbb42\" data-element_type=\"widget\" data-widget_type=\"text-editor.default\">\n\t\t\t\t<div class=\"elementor-widget-container\">\n\t\t\t\t\t\t\t<div class=\"flex max-w-full flex-col flex-grow\"><div class=\"min-h-8 text-message flex w-full flex-col items-end gap-2 whitespace-normal break-words [.text-message+&amp;]:mt-5\" dir=\"auto\" data-message-author-role=\"assistant\" data-message-id=\"1b3e3984-11b4-4e2e-bc07-908fa8422486\"><div class=\"flex w-full flex-col gap-1 empty:hidden first:pt-[3px]\"><div class=\"markdown prose w-full break-words dark:prose-invert light\"><h2><strong>Kristijan Tuba \u2013 Savr\u0161en izbor za do\u010dek Nove godine u restoranima<\/strong><\/h2><p>Kristijan Tuba, peva\u010d rasko\u0161nog vokalnog talenta, \u010desto se upore\u0111uje sa legendarnim Harisom D\u017einovi\u0107em, \u0161to ga \u010dini jednim od najtra\u017eenijih izvo\u0111a\u010da za proslave i sve\u010danosti. Njegova posve\u0107enost muzici i profesionalno usavr\u0161avanje kod priznatog profesora Milo\u0161a Markovi\u0107a doneli su mu reputaciju umetnika \u010diji glas osigurava nezaboravan provod.<\/p><p>Njegov uspeh u takmi\u010denju <em>Zvezde Granda<\/em> (sezona 2023\/24) dodatno ga je lansirao u muzi\u010dke vode regiona, a nastupi su mu postali sinonim za energiju, emocije i izvanredno izvo\u0111enje. Kristijanov bogat repertoar, koji obuhvata narodnu, folk i zabavnu muziku, \u010dini ga idealnim za sve koji razmi\u0161ljaju gde za Novu godinu, a posebno za restorane koji tra\u017ee vrhunsku atmosferu za goste.<\/p><p>Za sve ljubitelje dobre muzike, Kristijan Tuba garantuje posebno iskustvo tokom do\u010deka. Njegova prva autorska pesma, <em>Karta natalna<\/em>, ve\u0107 je postala hit i nezaobilazna numera na svim zna\u010dajnim doga\u0111ajima. Ako razmatrate ponude za do\u010dek Nove godine, izbor restorana sa Kristijanovim nastupom sigurno \u0107e obezbediti nezaboravan provod.<\/p><p>Planirate do\u010dek Nove godine u restoranima? Sa Kristijanom Tubom, atmosfera \u0107e biti na vrhuncu, pru\u017eaju\u0107i vam i va\u0161im gostima jedinstvenu i nezaboravnu novogodi\u0161nju no\u0107.<\/p><h2><strong>Kristijan Tuba: Idealna Muzi\u010dka Ponuda za Do\u010dek Nove Godine<\/strong><\/h2><p>Planirate specijalan do\u010dek Nove godine u restoranu i razmi\u0161ljate gde oti\u0107i? Kristijan Tuba je izvo\u0111a\u010d koji \u0107e va\u0161oj proslavi doneti neponovljivu atmosferu i vrhunsko muzi\u010dko iskustvo. Njegov rasko\u0161ni vokal, \u010desto pore\u0111en sa legendarnim Harisom D\u017einovi\u0107em, garantuje nezaboravan provod.<\/p><p>Pored prirodnog talenta, Kristijan je usavr\u0161avao svoj glas kod priznatog profesora Milo\u0161a Markovi\u0107a, \u0161to ga \u010dini jednim od najtra\u017eenijih izvo\u0111a\u010da za ovakve prilike. Posebno se istakao nastupima u popularnom TV takmi\u010denju \u2018Zvezde Granda\u2019, gde je osvojio srca publike \u0161irom regiona.<\/p><p>Za ljubitelje narodne, folk i zabavne muzike, njegov raznovrstan repertoar idealan je izbor za restorane koji nude kompletne ponude za do\u010dek Nove godine. Uz Kristijanove hitove poput autorske pesme &#8220;Karta natalna&#8221;, svaki trenutak proslave postaje poseban.<\/p><p>Ako tra\u017eite gde za novu godinu s nezaboravnom muzikom i atmosferom, Kristijan Tuba je pravi izbor za va\u0161 restoran ili doga\u0111aj.<\/p><\/div><\/div><\/div><\/div>\t\t\t\t\t\t<\/div>\n\t\t\t\t<\/div>\n\t\t\t\t\t<\/div>\n\t\t\t\t<\/div>\n\t\t\t\t<\/div>\n\t\t","protected":false},"excerpt":{"rendered":"<p>Kristijan Tuba &#8211; Do\u010dek Nove Godine 2025\u200b &#8211; Restoran Princ Muzika: Kristijan Tuba i Ivana Stojanovi\u0107 Pi\u0107e: All inclusive Hrana: Sve\u010dana ve\u010dera Cena: od 55\u20ac Kontakt: 062\/111-22-33 Cena Cena po osobi se kre\u0107e od 55\u20ac do 85\u20ac u zavisnosti od pozicije stola u samoj sali i uklju\u010duje sve\u010dano banket sedenje, neograni\u010denu konzumaciju alkoholnih i bezalkoholnih [&hellip;]<\/p>\n","protected":false},"author":1,"featured_media":0,"parent":0,"menu_order":0,"comment_status":"closed","ping_status":"closed","template":"elementor_header_footer","meta":{"footnotes":""},"class_list":["post-2563","page","type-page","status-publish","hentry"],"yoast_head":"<!-- This site is optimized with the Yoast SEO plugin v23.6 - https:\/\/yoast.com\/wordpress\/plugins\/seo\/ -->\n<title>Kristijan Tuba - Do\u010dek Nove godine 2025 | Najve\u0107a zvezda Balkana<\/title>\n<meta name=\"description\" content=\"Do\u010dekajte Novu godinu uz Kristijana Tubu, jednu od najve\u0107ih folk zvezda Balkana. Pridru\u017eite se spektaklu i u\u017eivajte u nezaboravnoj ve\u010deri.\" \/>\n<meta name=\"robots\" content=\"index, follow, max-snippet:-1, max-image-preview:large, max-video-preview:-1\" \/>\n<link rel=\"canonical\" href=\"https:\/\/kristijantuba.rs\/\" \/>\n<meta property=\"og:locale\" content=\"en_US\" \/>\n<meta property=\"og:type\" content=\"article\" \/>\n<meta property=\"og:title\" content=\"Kristijan Tuba - Do\u010dek Nove godine 2025 | Najve\u0107a zvezda Balkana\" \/>\n<meta property=\"og:description\" content=\"Do\u010dekajte Novu godinu uz Kristijana Tubu, jednu od najve\u0107ih folk zvezda Balkana. Pridru\u017eite se spektaklu i u\u017eivajte u nezaboravnoj ve\u010deri.\" \/>\n<meta property=\"og:url\" content=\"https:\/\/kristijantuba.rs\/\" \/>\n<meta property=\"og:site_name\" content=\"Kristijan Tuba\" \/>\n<meta property=\"article:modified_time\" content=\"2024-11-19T00:27:24+00:00\" \/>\n<meta property=\"og:image\" content=\"https:\/\/kristijantuba.rs\/wp-content\/uploads\/2024\/11\/1709430772-kristijan-tuba.jpg\" \/>\n<meta name=\"twitter:card\" content=\"summary_large_image\" \/>\n<meta name=\"twitter:label1\" content=\"Est. reading time\" \/>\n\t<meta name=\"twitter:data1\" content=\"4 minutes\" \/>\n<script type=\"application\/ld+json\" class=\"yoast-schema-graph\">{\"@context\":\"https:\/\/schema.org\",\"@graph\":[{\"@type\":\"WebPage\",\"@id\":\"https:\/\/kristijantuba.rs\/\",\"url\":\"https:\/\/kristijantuba.rs\/\",\"name\":\"Kristijan Tuba - Do\u010dek Nove godine 2025 | Najve\u0107a zvezda Balkana\",\"isPartOf\":{\"@id\":\"https:\/\/kristijantuba.rs\/#website\"},\"primaryImageOfPage\":{\"@id\":\"https:\/\/kristijantuba.rs\/#primaryimage\"},\"image\":{\"@id\":\"https:\/\/kristijantuba.rs\/#primaryimage\"},\"thumbnailUrl\":\"https:\/\/kristijantuba.rs\/wp-content\/uploads\/2024\/11\/1709430772-kristijan-tuba.jpg\",\"datePublished\":\"2024-09-29T19:11:15+00:00\",\"dateModified\":\"2024-11-19T00:27:24+00:00\",\"description\":\"Do\u010dekajte Novu godinu uz Kristijana Tubu, jednu od najve\u0107ih folk zvezda Balkana. Pridru\u017eite se spektaklu i u\u017eivajte u nezaboravnoj ve\u010deri.\",\"breadcrumb\":{\"@id\":\"https:\/\/kristijantuba.rs\/#breadcrumb\"},\"inLanguage\":\"en-US\",\"potentialAction\":[{\"@type\":\"ReadAction\",\"target\":[\"https:\/\/kristijantuba.rs\/\"]}]},{\"@type\":\"ImageObject\",\"inLanguage\":\"en-US\",\"@id\":\"https:\/\/kristijantuba.rs\/#primaryimage\",\"url\":\"https:\/\/kristijantuba.rs\/wp-content\/uploads\/2024\/11\/1709430772-kristijan-tuba.jpg\",\"contentUrl\":\"https:\/\/kristijantuba.rs\/wp-content\/uploads\/2024\/11\/1709430772-kristijan-tuba.jpg\",\"width\":1000,\"height\":667},{\"@type\":\"BreadcrumbList\",\"@id\":\"https:\/\/kristijantuba.rs\/#breadcrumb\",\"itemListElement\":[{\"@type\":\"ListItem\",\"position\":1,\"name\":\"Home\",\"item\":\"https:\/\/kristijantuba.rs\/\"},{\"@type\":\"ListItem\",\"position\":2,\"name\":\"Po\u010detna\"}]},{\"@type\":\"WebSite\",\"@id\":\"https:\/\/kristijantuba.rs\/#website\",\"url\":\"https:\/\/kristijantuba.rs\/\",\"name\":\"Kristijan Tuba\",\"description\":\"\",\"potentialAction\":[{\"@type\":\"SearchAction\",\"target\":{\"@type\":\"EntryPoint\",\"urlTemplate\":\"https:\/\/kristijantuba.rs\/?s={search_term_string}\"},\"query-input\":{\"@type\":\"PropertyValueSpecification\",\"valueRequired\":true,\"valueName\":\"search_term_string\"}}],\"inLanguage\":\"en-US\"}]}<\/script>\n<!-- \/ Yoast SEO plugin. -->","yoast_head_json":{"title":"Kristijan Tuba - Do\u010dek Nove godine 2025 | Najve\u0107a zvezda Balkana","description":"Do\u010dekajte Novu godinu uz Kristijana Tubu, jednu od najve\u0107ih folk zvezda Balkana. Pridru\u017eite se spektaklu i u\u017eivajte u nezaboravnoj ve\u010deri.","robots":{"index":"index","follow":"follow","max-snippet":"max-snippet:-1","max-image-preview":"max-image-preview:large","max-video-preview":"max-video-preview:-1"},"canonical":"https:\/\/kristijantuba.rs\/","og_locale":"en_US","og_type":"article","og_title":"Kristijan Tuba - Do\u010dek Nove godine 2025 | Najve\u0107a zvezda Balkana","og_description":"Do\u010dekajte Novu godinu uz Kristijana Tubu, jednu od najve\u0107ih folk zvezda Balkana. Pridru\u017eite se spektaklu i u\u017eivajte u nezaboravnoj ve\u010deri.","og_url":"https:\/\/kristijantuba.rs\/","og_site_name":"Kristijan Tuba","article_modified_time":"2024-11-19T00:27:24+00:00","og_image":[{"url":"https:\/\/kristijantuba.rs\/wp-content\/uploads\/2024\/11\/1709430772-kristijan-tuba.jpg"}],"twitter_card":"summary_large_image","twitter_misc":{"Est. reading time":"4 minutes"},"schema":{"@context":"https:\/\/schema.org","@graph":[{"@type":"WebPage","@id":"https:\/\/kristijantuba.rs\/","url":"https:\/\/kristijantuba.rs\/","name":"Kristijan Tuba - Do\u010dek Nove godine 2025 | Najve\u0107a zvezda Balkana","isPartOf":{"@id":"https:\/\/kristijantuba.rs\/#website"},"primaryImageOfPage":{"@id":"https:\/\/kristijantuba.rs\/#primaryimage"},"image":{"@id":"https:\/\/kristijantuba.rs\/#primaryimage"},"thumbnailUrl":"https:\/\/kristijantuba.rs\/wp-content\/uploads\/2024\/11\/1709430772-kristijan-tuba.jpg","datePublished":"2024-09-29T19:11:15+00:00","dateModified":"2024-11-19T00:27:24+00:00","description":"Do\u010dekajte Novu godinu uz Kristijana Tubu, jednu od najve\u0107ih folk zvezda Balkana. Pridru\u017eite se spektaklu i u\u017eivajte u nezaboravnoj ve\u010deri.","breadcrumb":{"@id":"https:\/\/kristijantuba.rs\/#breadcrumb"},"inLanguage":"en-US","potentialAction":[{"@type":"ReadAction","target":["https:\/\/kristijantuba.rs\/"]}]},{"@type":"ImageObject","inLanguage":"en-US","@id":"https:\/\/kristijantuba.rs\/#primaryimage","url":"https:\/\/kristijantuba.rs\/wp-content\/uploads\/2024\/11\/1709430772-kristijan-tuba.jpg","contentUrl":"https:\/\/kristijantuba.rs\/wp-content\/uploads\/2024\/11\/1709430772-kristijan-tuba.jpg","width":1000,"height":667},{"@type":"BreadcrumbList","@id":"https:\/\/kristijantuba.rs\/#breadcrumb","itemListElement":[{"@type":"ListItem","position":1,"name":"Home","item":"https:\/\/kristijantuba.rs\/"},{"@type":"ListItem","position":2,"name":"Po\u010detna"}]},{"@type":"WebSite","@id":"https:\/\/kristijantuba.rs\/#website","url":"https:\/\/kristijantuba.rs\/","name":"Kristijan Tuba","description":"","potentialAction":[{"@type":"SearchAction","target":{"@type":"EntryPoint","urlTemplate":"https:\/\/kristijantuba.rs\/?s={search_term_string}"},"query-input":{"@type":"PropertyValueSpecification","valueRequired":true,"valueName":"search_term_string"}}],"inLanguage":"en-US"}]}},"_links":{"self":[{"href":"https:\/\/kristijantuba.rs\/index.php?rest_route=\/wp\/v2\/pages\/2563","targetHints":{"allow":["GET"]}}],"collection":[{"href":"https:\/\/kristijantuba.rs\/index.php?rest_route=\/wp\/v2\/pages"}],"about":[{"href":"https:\/\/kristijantuba.rs\/index.php?rest_route=\/wp\/v2\/types\/page"}],"author":[{"embeddable":true,"href":"https:\/\/kristijantuba.rs\/index.php?rest_route=\/wp\/v2\/users\/1"}],"replies":[{"embeddable":true,"href":"https:\/\/kristijantuba.rs\/index.php?rest_route=%2Fwp%2Fv2%2Fcomments&post=2563"}],"version-history":[{"count":89,"href":"https:\/\/kristijantuba.rs\/index.php?rest_route=\/wp\/v2\/pages\/2563\/revisions"}],"predecessor-version":[{"id":2751,"href":"https:\/\/kristijantuba.rs\/index.php?rest_route=\/wp\/v2\/pages\/2563\/revisions\/2751"}],"wp:attachment":[{"href":"https:\/\/kristijantuba.rs\/index.php?rest_route=%2Fwp%2Fv2%2Fmedia&parent=2563"}],"curies":[{"name":"wp","href":"https:\/\/api.w.org\/{rel}","templated":true}]}}